{"id":154,"date":"2023-10-30T19:57:14","date_gmt":"2023-10-30T19:57:14","guid":{"rendered":"https:\/\/finquesviser.com\/?page_id=154"},"modified":"2024-07-17T13:26:16","modified_gmt":"2024-07-17T13:26:16","slug":"alquileres-y-patrimonios","status":"publish","type":"page","link":"https:\/\/finquesviser.com\/ca\/alquileres-y-patrimonios\/","title":{"rendered":"Lloguers i patrimonis"},"content":{"rendered":"<p>[et_pb_section fb_built=\u00bb1&#8243; custom_padding_last_edited=\u00bbon|phone\u00bb admin_label=\u00bbHeader\u00bb _builder_version=\u00bb4.24.3&#8243; _module_preset=\u00bbdefault\u00bb use_background_color_gradient=\u00bbon\u00bb background_color_gradient_stops=\u00bbrgba(42,47,49,0) 0%|rgba(0,0,0,0.57) 100%\u00bb background_color_gradient_overlays_image=\u00bbon\u00bb background_image=\u00bbhttps:\/\/finquesviser.com\/wp-content\/uploads\/2024\/04\/3.png\u00bb custom_padding_tablet=\u00bb\u00bb custom_padding_phone=\u00bb22px||22px||true|false\u00bb collapsed=\u00bbon\u00bb global_colors_info=\u00bb{}\u00bb][et_pb_row column_structure=\u00bb2_3,1_3&#8243; _builder_version=\u00bb4.19.2&#8243; _module_preset=\u00bbdefault\u00bb global_colors_info=\u00bb{}\u00bb][et_pb_column type=\u00bb2_3&#8243; _builder_version=\u00bb4.19.2&#8243; _module_preset=\u00bbdefault\u00bb global_colors_info=\u00bb{}\u00bb][et_pb_text _builder_version=\u00bb4.24.3&#8243; _module_preset=\u00bbf092b5ce-a604-440f-9787-28ef6838792a\u00bb header_font=\u00bbFinques Viser Semibold|700|||||||\u00bb header_text_color=\u00bb#FFFFFF\u00bb header_font_size=\u00bb61px\u00bb header_line_height=\u00bb1em\u00bb custom_margin=\u00bb||10px||false|false\u00bb global_colors_info=\u00bb{}\u00bb]<\/p>\n<h1>Alquileres y patrimonios<\/h1>\n<p>[\/et_pb_text][et_pb_button button_url=\u00bbhttps:\/\/finquesviser.com\/contacto\/\u00bb button_text=\u00bbcontacto\u00bb _builder_version=\u00bb4.25.1&#8243; _module_preset=\u00bbcf6409db-d6cb-44f8-96c9-f191f8a39204&#8243; global_colors_info=\u00bb{}\u00bb][\/et_pb_button][\/et_pb_column][et_pb_column type=\u00bb1_3&#8243; _builder_version=\u00bb4.19.2&#8243; _module_preset=\u00bbdefault\u00bb global_colors_info=\u00bb{}\u00bb][\/et_pb_column][\/et_pb_row][\/et_pb_section][et_pb_section fb_built=\u00bb1&#8243; custom_padding_last_edited=\u00bbon|phone\u00bb admin_label=\u00bbApply\u00bb _builder_version=\u00bb4.24.3&#8243; _module_preset=\u00bbdefault\u00bb custom_padding=\u00bb5px|||||\u00bb custom_padding_tablet=\u00bb5px|||||\u00bb custom_padding_phone=\u00bb22px||22px||true|false\u00bb collapsed=\u00bbon\u00bb global_colors_info=\u00bb{}\u00bb][et_pb_row _builder_version=\u00bb4.23&#8243; _module_preset=\u00bbdefault\u00bb global_colors_info=\u00bb{}\u00bb][et_pb_column type=\u00bb4_4&#8243; _builder_version=\u00bb4.23&#8243; _module_preset=\u00bbdefault\u00bb global_colors_info=\u00bb{}\u00bb][et_pb_text _builder_version=\u00bb4.24.3&#8243; _module_preset=\u00bb94d24885-37dd-407b-9780-bc5a25d33f09&#8243; text_font=\u00bbFinques Viser Regular||||||||\u00bb text_text_color=\u00bb#000000&#8243; global_colors_info=\u00bb{}\u00bb]<\/p>\n<p class=\"p1\" style=\"text-align: justify;\">Como administradores de alquileres y gesti\u00f3n patrimonial y de alquileres nuestra misi\u00f3n es de forma transparente y leal, optimizar los recursos que se invierten en una propiedad de alquiler, buscar buenos inquilinos al mejor precio buscando siempre alcanzar un rendimiento \u00f3ptimo de cada inmueble con la m\u00e1xima seguridad.<span class=\"Apple-converted-space\">\u00a0<\/span><\/p>\n<p class=\"p1\" style=\"text-align: justify;\">Nuestros clientes desde el particular, las sociedades patrimoniales y los family offices, creen en nuestra gesti\u00f3n enfocada en el largo plazo para maximizar la rentabilidad.<\/p>\n<p class=\"p1\" style=\"text-align: justify;\">Estamos en constante formaci\u00f3n para esta al d\u00eda de todas las modificaciones tanto en ley vertical como en horizontal para poder ofreceros un asesoramiento excelente.<span class=\"Apple-converted-space\">\u00a0<\/span><\/p>\n<p>[\/et_pb_text][et_pb_toggle title=\u00bbGesti\u00f3n econ\u00f3mica y cobros\u00bb open_toggle_text_color=\u00bb#FFFFFF\u00bb open_toggle_background_color=\u00bb#c32d45&#8243; closed_toggle_text_color=\u00bb#FFFFFF\u00bb closed_toggle_background_color=\u00bb#c32d45&#8243; icon_color=\u00bb#FFFFFF\u00bb toggle_icon=\u00bb&#x3b;||divi||400&#8243; _builder_version=\u00bb4.23.2&#8243; _module_preset=\u00bbdefault\u00bb title_text_color=\u00bb#FFFFFF\u00bb title_font=\u00bbFinques Viser Semibold|600|||||||\u00bb closed_title_font=\u00bbFinques Viser Semibold||||||||\u00bb closed_title_font_size=\u00bb18px\u00bb body_font=\u00bbFinques Viser Regular||||||||\u00bb body_text_color=\u00bb#FFFFFF\u00bb border_color_all=\u00bb#c32d45&#8243; global_colors_info=\u00bb{}\u00bb]<\/p>\n<ul class=\"ul1\">\n<li class=\"li1\">Llevamos una contabilidad en tiempo real, realizando un presupuesto de gastos e ingresos.<\/li>\n<li class=\"li1\">Presentaci\u00f3n mensual del estado de cuentas de forma transparente y puntual.<\/li>\n<li class=\"li1\">Emisi\u00f3n, domiciliaci\u00f3n y gesti\u00f3n de recibos. No realizamos pagos de reparaciones que no hayan sido autorizados por la propiedad.<span class=\"Apple-converted-space\">\u00a0<\/span><\/li>\n<li class=\"li1\">Liquidaci\u00f3n y pago de impuestos IBI, basuras etc. En el caso de Comunidades de bienes presentaci\u00f3n de IVA, IRPF.<\/li>\n<li class=\"li1\">Celeridad en la reclamaci\u00f3n de rentas impagadas de alquiler. Gesti\u00f3n amistosa y reclamaci\u00f3n extrajudicial de cobros de recibos pendientes.<span class=\"Apple-converted-space\">\u00a0<\/span><\/li>\n<\/ul>\n<p>[\/et_pb_toggle][et_pb_toggle title=\u00bbTr\u00e1mites frente a compa\u00f1\u00edas, proveedores de servicios y mantenimientos.\u00bb open_toggle_text_color=\u00bb#FFFFFF\u00bb open_toggle_background_color=\u00bb#c32d45&#8243; closed_toggle_text_color=\u00bb#FFFFFF\u00bb closed_toggle_background_color=\u00bb#c32d45&#8243; icon_color=\u00bb#FFFFFF\u00bb toggle_icon=\u00bb&#x3b;||divi||400&#8243; _builder_version=\u00bb4.23.2&#8243; _module_preset=\u00bbdefault\u00bb title_text_color=\u00bb#FFFFFF\u00bb title_font=\u00bbFinques Viser Semibold|600|||||||\u00bb closed_title_font=\u00bbFinques Viser Semibold||||||||\u00bb closed_title_font_size=\u00bb18px\u00bb body_font=\u00bbFinques Viser Regular||||||||\u00bb body_text_color=\u00bb#FFFFFF\u00bb border_color_all=\u00bb#c32d45&#8243; global_colors_info=\u00bb{}\u00bb]<\/p>\n<ul class=\"ul1\">\n<li class=\"li1\">Tr\u00e1mites con las compa\u00f1\u00edas proveedoras de servicios i suministros tal y como: Agua, luz, gas, ascensor, tel\u00e9fono, limpieza, seguros, etc.)<\/li>\n<li class=\"li1\">Limpieza de escaleras, mantenimiento de ascensores, Jardiner\u00edas, Antenistas, c\u00e1maras de seguridad.<span class=\"Apple-converted-space\">\u00a0<\/span><\/li>\n<li class=\"li1\">Gesti\u00f3n de n\u00f3minas, prevenci\u00f3n de riesgos laborales.<span class=\"Apple-converted-space\">\u00a0<\/span><\/li>\n<\/ul>\n<p>[\/et_pb_toggle][et_pb_toggle title=\u00bbComercializaci\u00f3n de su propiedad\u00bb open_toggle_text_color=\u00bb#FFFFFF\u00bb open_toggle_background_color=\u00bb#c32d45&#8243; closed_toggle_text_color=\u00bb#FFFFFF\u00bb closed_toggle_background_color=\u00bb#c32d45&#8243; icon_color=\u00bb#FFFFFF\u00bb toggle_icon=\u00bb&#x3b;||divi||400&#8243; _builder_version=\u00bb4.23.2&#8243; _module_preset=\u00bbdefault\u00bb title_text_color=\u00bb#FFFFFF\u00bb title_font=\u00bbFinques Viser Semibold|600|||||||\u00bb closed_title_font=\u00bbFinques Viser Semibold||||||||\u00bb closed_title_font_size=\u00bb18px\u00bb body_font=\u00bbFinques Viser Regular||||||||\u00bb body_text_color=\u00bb#FFFFFF\u00bb border_color_all=\u00bb#c32d45&#8243; global_colors_info=\u00bb{}\u00bb]<\/p>\n<ul class=\"ul1\">\n<li class=\"li1\">Preparaci\u00f3n y realizaci\u00f3n de reportaje fotogr\u00e1fico profesional.<span class=\"Apple-converted-space\">\u00a0<\/span><\/li>\n<li class=\"li1\">Foto y video.<span class=\"Apple-converted-space\">\u00a0<\/span><\/li>\n<li class=\"li1\">Publicidad en redes sociales.<\/li>\n<li class=\"li1\">Difusi\u00f3n de su propiedad en los portales inmobiliarios m\u00e1s reconocidos.<span class=\"Apple-converted-space\">\u00a0<\/span><\/li>\n<li class=\"li1\">Asesoramiento en la contrataci\u00f3n y renovaci\u00f3n de contratos, as\u00ed como en actualizaciones de renta, traspasos, notificaciones de fin de contrato, documentos de subvenciones.<span class=\"Apple-converted-space\">\u00a0<\/span><\/li>\n<li class=\"li1\">Redacci\u00f3n de contratos con las cl\u00e1usulas detalladas m\u00e1s convenientes a cada caso particular.<span class=\"Apple-converted-space\">\u00a0<\/span><\/li>\n<li class=\"li1\">Selecci\u00f3n de inquilinos con las m\u00e1ximas garant\u00edas.<span class=\"Apple-converted-space\">\u00a0<\/span><\/li>\n<li class=\"li1\">Tramitaci\u00f3n si as\u00ed se solicita de seguro de impago de alquileres.<span class=\"Apple-converted-space\">\u00a0<\/span><\/li>\n<li class=\"li1\">Solicitud y tramitaci\u00f3n de la documentaci\u00f3n necesaria para la comercializaci\u00f3n de su inmueble. (Cedula de habitabilidad, certificado eficiencia energ\u00e9tica)<\/li>\n<li class=\"li1\">Gesti\u00f3n de fianzas en INCASOL.<span class=\"Apple-converted-space\">\u00a0<\/span><\/li>\n<\/ul>\n<p>[\/et_pb_toggle][\/et_pb_column][\/et_pb_row][\/et_pb_section][et_pb_section fb_built=\u00bb1&#8243; custom_padding_last_edited=\u00bbon|phone\u00bb admin_label=\u00bbFeatures\u00bb _builder_version=\u00bb4.24.3&#8243; _module_preset=\u00bbdefault\u00bb background_color=\u00bb#FFFFFF\u00bb custom_padding=\u00bb1px|||||\u00bb custom_padding_tablet=\u00bb1px|||||\u00bb custom_padding_phone=\u00bb22px||22px||true|false\u00bb global_module=\u00bb286&#8243; saved_tabs=\u00bball\u00bb collapsed=\u00bbon\u00bb global_colors_info=\u00bb{}\u00bb][et_pb_row column_structure=\u00bb1_2,1_2&#8243; _builder_version=\u00bb4.23.2&#8243; _module_preset=\u00bbdefault\u00bb border_radii=\u00bbon|2px|2px|2px|2px\u00bb border_width_all=\u00bb4px\u00bb border_color_all=\u00bb#c32d45&#8243; global_colors_info=\u00bb{}\u00bb][et_pb_column type=\u00bb1_2&#8243; _builder_version=\u00bb4.23.2&#8243; _module_preset=\u00bbdefault\u00bb custom_padding=\u00bb30px||30px|30px|true|false\u00bb custom_padding_tablet=\u00bb0px||0px||true|false\u00bb custom_padding_phone=\u00bb0px||0px||true|false\u00bb custom_padding_last_edited=\u00bbon|desktop\u00bb global_colors_info=\u00bb{}\u00bb][et_pb_text _builder_version=\u00bb4.24.3&#8243; _module_preset=\u00bb54c23dbb-5c88-492f-9866-78f602a35f76&#8243; header_2_font=\u00bbFinques Viser Semibold|600|||||||\u00bb header_2_text_color=\u00bb#c32d45&#8243; custom_margin=\u00bb||10px||false|false\u00bb custom_padding_tablet=\u00bb\u00bb custom_padding_phone=\u00bb22px|22px|||false|false\u00bb custom_padding_last_edited=\u00bbon|phone\u00bb global_colors_info=\u00bb{}\u00bb]<\/p>\n<h2>\u00bfQuieres que hablemos? \ud83d\ude42<\/h2>\n<p>[\/et_pb_text][et_pb_text _builder_version=\u00bb4.24.3&#8243; _module_preset=\u00bb94d24885-37dd-407b-9780-bc5a25d33f09&#8243; text_font=\u00bbFinques Viser Regular||||||||\u00bb text_text_color=\u00bb#c32d45&#8243; custom_padding_tablet=\u00bb\u00bb custom_padding_phone=\u00bb|22px|||false|false\u00bb custom_padding_last_edited=\u00bbon|phone\u00bb global_colors_info=\u00bb{}\u00bb]<\/p>\n<p>Nuestro equipo especialista en la gesti\u00f3n de comunidades te contactar\u00e1 con la mayor brevedad posible para atender a todo lo que necesites.<\/p>\n<p>[\/et_pb_text][\/et_pb_column][et_pb_column type=\u00bb1_2&#8243; _builder_version=\u00bb4.23.2&#8243; _module_preset=\u00bbdefault\u00bb background_color=\u00bb#FFFFFF\u00bb custom_padding=\u00bb|30px|||false|false\u00bb global_colors_info=\u00bb{}\u00bb][et_pb_text _builder_version=\u00bb4.24.3&#8243; _module_preset=\u00bbdefault\u00bb text_font=\u00bbFinques Viser Regular||||||||\u00bb text_text_color=\u00bb#c32d45&#8243; text_font_size=\u00bb20px\u00bb custom_padding_tablet=\u00bb\u00bb custom_padding_phone=\u00bb|||22px|false|false\u00bb custom_padding_last_edited=\u00bbon|phone\u00bb global_colors_info=\u00bb{}\u00bb]<\/p>\n<p>\u00a1Cont\u00e1ctanos!<\/p>\n<p>[\/et_pb_text][et_pb_contact_form use_spam_service=\u00bbon\u00bb recaptcha_list=\u00bbWeb Finques Viser|Web Finques Viser-0&#8243; recaptcha_min_score=\u00bb0.1&#8243; email=\u00bboficina@finquesviser.com\u00bb custom_message=\u00bbFormulari p\u00e0ginas Administraci\u00f3n de fincas:||et_pb_line_break_holder||||et_pb_line_break_holder||Nom: %%Name%%||et_pb_line_break_holder||Tel\u00e9fono: %%Tel\u00e9fono%%||et_pb_line_break_holder||Email: %%Email%%||et_pb_line_break_holder||Mensaje:||et_pb_line_break_holder||%%Message%%:\u00bb success_message=\u00bb\u00a1Gracias por contactarnos!\u00bb _builder_version=\u00bb4.25.1&#8243; _module_preset=\u00bb0e4d625a-5418-48e6-8ce0-7b9532d1c6e6&#8243; form_field_background_color=\u00bbrgba(255,255,255,0.85)\u00bb form_field_focus_background_color=\u00bb#FFFFFF\u00bb title_font=\u00bbFinques Viser Regular||||||||\u00bb form_field_font=\u00bbFinques Viser Regular||||||||\u00bb form_field_text_align=\u00bbleft\u00bb form_field_font_size=\u00bb15px\u00bb background_enable_color=\u00bboff\u00bb button_bg_color=\u00bb#c32d45&#8243; button_font=\u00bbFinques Viser Regular|700||on|||||\u00bb button_custom_padding=\u00bb15px|24px|15px|24px|true|true\u00bb text_orientation=\u00bbleft\u00bb custom_padding_tablet=\u00bb\u00bb custom_padding_phone=\u00bb||22px|22px|false|false\u00bb custom_padding_last_edited=\u00bbon|phone\u00bb hover_enabled=\u00bb0&#8243; border_radii=\u00bbon|0px|0px|0px|0px\u00bb border_width_all=\u00bb0px\u00bb border_color_all=\u00bb#FFFFFF\u00bb border_width_bottom=\u00bb2px\u00bb border_color_bottom=\u00bb#c32d45&#8243; locked=\u00bboff\u00bb global_colors_info=\u00bb{}\u00bb sticky_enabled=\u00bb0&#8243;][et_pb_contact_field field_id=\u00bbName\u00bb field_title=\u00bbNombre\u00bb _builder_version=\u00bb4.25.1&#8243; _module_preset=\u00bbdefault\u00bb form_field_background_color=\u00bbRGBA(255,255,255,0)\u00bb global_colors_info=\u00bb{}\u00bb button_text_size__hover_enabled=\u00bboff\u00bb button_one_text_size__hover_enabled=\u00bboff\u00bb button_two_text_size__hover_enabled=\u00bboff\u00bb button_text_color__hover_enabled=\u00bboff\u00bb button_one_text_color__hover_enabled=\u00bboff\u00bb button_two_text_color__hover_enabled=\u00bboff\u00bb button_border_width__hover_enabled=\u00bboff\u00bb button_one_border_width__hover_enabled=\u00bboff\u00bb button_two_border_width__hover_enabled=\u00bboff\u00bb button_border_color__hover_enabled=\u00bboff\u00bb button_one_border_color__hover_enabled=\u00bboff\u00bb button_two_border_color__hover_enabled=\u00bboff\u00bb button_border_radius__hover_enabled=\u00bboff\u00bb button_one_border_radius__hover_enabled=\u00bboff\u00bb button_two_border_radius__hover_enabled=\u00bboff\u00bb button_letter_spacing__hover_enabled=\u00bboff\u00bb button_one_letter_spacing__hover_enabled=\u00bboff\u00bb button_two_letter_spacing__hover_enabled=\u00bboff\u00bb button_bg_color__hover_enabled=\u00bboff\u00bb button_one_bg_color__hover_enabled=\u00bboff\u00bb button_two_bg_color__hover_enabled=\u00bboff\u00bb][\/et_pb_contact_field][et_pb_contact_field field_id=\u00bbTel\u00e9fono\u00bb field_title=\u00bbTel\u00e9fono\u00bb min_length=\u00bb9&#8243; max_length=\u00bb15&#8243; required_mark=\u00bboff\u00bb fullwidth_field=\u00bbon\u00bb _builder_version=\u00bb4.23&#8243; _module_preset=\u00bbdefault\u00bb form_field_background_color=\u00bbRGBA(255,255,255,0)\u00bb global_colors_info=\u00bb{}\u00bb button_text_size__hover_enabled=\u00bboff\u00bb button_one_text_size__hover_enabled=\u00bboff\u00bb button_two_text_size__hover_enabled=\u00bboff\u00bb button_text_color__hover_enabled=\u00bboff\u00bb button_one_text_color__hover_enabled=\u00bboff\u00bb button_two_text_color__hover_enabled=\u00bboff\u00bb button_border_width__hover_enabled=\u00bboff\u00bb button_one_border_width__hover_enabled=\u00bboff\u00bb button_two_border_width__hover_enabled=\u00bboff\u00bb button_border_color__hover_enabled=\u00bboff\u00bb button_one_border_color__hover_enabled=\u00bboff\u00bb button_two_border_color__hover_enabled=\u00bboff\u00bb button_border_radius__hover_enabled=\u00bboff\u00bb button_one_border_radius__hover_enabled=\u00bboff\u00bb button_two_border_radius__hover_enabled=\u00bboff\u00bb button_letter_spacing__hover_enabled=\u00bboff\u00bb button_one_letter_spacing__hover_enabled=\u00bboff\u00bb button_two_letter_spacing__hover_enabled=\u00bboff\u00bb button_bg_color__hover_enabled=\u00bboff\u00bb button_one_bg_color__hover_enabled=\u00bboff\u00bb button_two_bg_color__hover_enabled=\u00bboff\u00bb][\/et_pb_contact_field][et_pb_contact_field field_id=\u00bbEmail\u00bb field_title=\u00bbCorreo electr\u00f3nico\u00bb field_type=\u00bbemail\u00bb _builder_version=\u00bb4.23&#8243; _module_preset=\u00bbdefault\u00bb form_field_background_color=\u00bbRGBA(255,255,255,0)\u00bb global_colors_info=\u00bb{}\u00bb button_text_size__hover_enabled=\u00bboff\u00bb button_one_text_size__hover_enabled=\u00bboff\u00bb button_two_text_size__hover_enabled=\u00bboff\u00bb button_text_color__hover_enabled=\u00bboff\u00bb button_one_text_color__hover_enabled=\u00bboff\u00bb button_two_text_color__hover_enabled=\u00bboff\u00bb button_border_width__hover_enabled=\u00bboff\u00bb button_one_border_width__hover_enabled=\u00bboff\u00bb button_two_border_width__hover_enabled=\u00bboff\u00bb button_border_color__hover_enabled=\u00bboff\u00bb button_one_border_color__hover_enabled=\u00bboff\u00bb button_two_border_color__hover_enabled=\u00bboff\u00bb button_border_radius__hover_enabled=\u00bboff\u00bb button_one_border_radius__hover_enabled=\u00bboff\u00bb button_two_border_radius__hover_enabled=\u00bboff\u00bb button_letter_spacing__hover_enabled=\u00bboff\u00bb button_one_letter_spacing__hover_enabled=\u00bboff\u00bb button_two_letter_spacing__hover_enabled=\u00bboff\u00bb button_bg_color__hover_enabled=\u00bboff\u00bb button_one_bg_color__hover_enabled=\u00bboff\u00bb button_two_bg_color__hover_enabled=\u00bboff\u00bb][\/et_pb_contact_field][et_pb_contact_field field_id=\u00bbMessage\u00bb field_title=\u00bbMensaje\u00bb field_type=\u00bbtext\u00bb fullwidth_field=\u00bbon\u00bb _builder_version=\u00bb4.23&#8243; _module_preset=\u00bbdefault\u00bb form_field_background_color=\u00bbRGBA(255,255,255,0)\u00bb form_field_line_height=\u00bb1.8em\u00bb global_colors_info=\u00bb{}\u00bb button_text_size__hover_enabled=\u00bboff\u00bb button_one_text_size__hover_enabled=\u00bboff\u00bb button_two_text_size__hover_enabled=\u00bboff\u00bb button_text_color__hover_enabled=\u00bboff\u00bb button_one_text_color__hover_enabled=\u00bboff\u00bb button_two_text_color__hover_enabled=\u00bboff\u00bb button_border_width__hover_enabled=\u00bboff\u00bb button_one_border_width__hover_enabled=\u00bboff\u00bb button_two_border_width__hover_enabled=\u00bboff\u00bb button_border_color__hover_enabled=\u00bboff\u00bb button_one_border_color__hover_enabled=\u00bboff\u00bb button_two_border_color__hover_enabled=\u00bboff\u00bb button_border_radius__hover_enabled=\u00bboff\u00bb button_one_border_radius__hover_enabled=\u00bboff\u00bb button_two_border_radius__hover_enabled=\u00bboff\u00bb button_letter_spacing__hover_enabled=\u00bboff\u00bb button_one_letter_spacing__hover_enabled=\u00bboff\u00bb button_two_letter_spacing__hover_enabled=\u00bboff\u00bb button_bg_color__hover_enabled=\u00bboff\u00bb button_one_bg_color__hover_enabled=\u00bboff\u00bb button_two_bg_color__hover_enabled=\u00bboff\u00bb][\/et_pb_contact_field][\/et_pb_contact_form][\/et_pb_column][\/et_pb_row][\/et_pb_section]<\/p>\n","protected":false},"excerpt":{"rendered":"<p>Alquileres y patrimoniosComo administradores de alquileres y gesti\u00f3n patrimonial y de alquileres nuestra misi\u00f3n es de forma transparente y leal, optimizar los recursos que se invierten en una propiedad de alquiler, buscar buenos inquilinos al mejor precio buscando siempre alcanzar un rendimiento \u00f3ptimo de cada inmueble con la m\u00e1xima seguridad.\u00a0 Nuestros clientes desde el particular, [&hellip;]<\/p>\n","protected":false},"author":2,"featured_media":0,"parent":0,"menu_order":0,"comment_status":"closed","ping_status":"closed","template":"","meta":{"_et_pb_use_builder":"on","_et_pb_old_content":"<!-- wp:divi\/placeholder \/-->","_et_gb_content_width":"","footnotes":""},"class_list":["post-154","page","type-page","status-publish","hentry"],"_links":{"self":[{"href":"https:\/\/finquesviser.com\/ca\/wp-json\/wp\/v2\/pages\/154","targetHints":{"allow":["GET"]}}],"collection":[{"href":"https:\/\/finquesviser.com\/ca\/wp-json\/wp\/v2\/pages"}],"about":[{"href":"https:\/\/finquesviser.com\/ca\/wp-json\/wp\/v2\/types\/page"}],"author":[{"embeddable":true,"href":"https:\/\/finquesviser.com\/ca\/wp-json\/wp\/v2\/users\/2"}],"replies":[{"embeddable":true,"href":"https:\/\/finquesviser.com\/ca\/wp-json\/wp\/v2\/comments?post=154"}],"version-history":[{"count":20,"href":"https:\/\/finquesviser.com\/ca\/wp-json\/wp\/v2\/pages\/154\/revisions"}],"predecessor-version":[{"id":511,"href":"https:\/\/finquesviser.com\/ca\/wp-json\/wp\/v2\/pages\/154\/revisions\/511"}],"wp:attachment":[{"href":"https:\/\/finquesviser.com\/ca\/wp-json\/wp\/v2\/media?parent=154"}],"curies":[{"name":"wp","href":"https:\/\/api.w.org\/{rel}","templated":true}]}}