{"id":46,"date":"2023-10-26T10:32:02","date_gmt":"2023-10-26T10:32:02","guid":{"rendered":"https:\/\/finquesviser.com\/?page_id=46"},"modified":"2024-07-17T13:26:46","modified_gmt":"2024-07-17T13:26:46","slug":"contacto","status":"publish","type":"page","link":"https:\/\/finquesviser.com\/ca\/contacto\/","title":{"rendered":"Contacte"},"content":{"rendered":"<p>[et_pb_section fb_built=\u00bb1&#8243; _builder_version=\u00bb4.24.3&#8243; _module_preset=\u00bbdefault\u00bb use_background_color_gradient=\u00bbon\u00bb background_color_gradient_stops=\u00bbrgba(42,47,49,0) 0%|rgba(0,0,0,0.57) 100%\u00bb background_image=\u00bbhttps:\/\/finquesviser.com\/wp-content\/uploads\/2024\/04\/FOTOS-WEB-FINQUES-VISER.png\u00bb background_blend=\u00bboverlay\u00bb global_colors_info=\u00bb{}\u00bb][\/et_pb_section][et_pb_section fb_built=\u00bb1&#8243; admin_label=\u00bbHeader\u00bb _builder_version=\u00bb4.23&#8243; _module_preset=\u00bbdefault\u00bb background_enable_image=\u00bboff\u00bb background_size=\u00bbcustom\u00bb background_image_width=\u00bb23%\u00bb background_position=\u00bbtop_right\u00bb background_horizontal_offset=\u00bb0vw\u00bb background_vertical_offset=\u00bb0vw\u00bb custom_padding=\u00bb3px|||||\u00bb collapsed=\u00bbon\u00bb global_colors_info=\u00bb{}\u00bb][et_pb_row _builder_version=\u00bb4.23&#8243; _module_preset=\u00bbdefault\u00bb background_enable_color=\u00bboff\u00bb custom_margin=\u00bb0px||||false|false\u00bb border_radii=\u00bboff|36px|36px||\u00bb global_colors_info=\u00bb{}\u00bb][et_pb_column type=\u00bb4_4&#8243; _builder_version=\u00bb4.19.1&#8243; _module_preset=\u00bbdefault\u00bb global_colors_info=\u00bb{}\u00bb][et_pb_text _builder_version=\u00bb4.24.3&#8243; _module_preset=\u00bb2ab5da31-f839-4f44-86b1-ec6870a6fad1&#8243; text_text_color=\u00bb#c32d45&#8243; header_font=\u00bbFinques Viser Semibold|700|||||||\u00bb header_text_color=\u00bb#FFFFFF\u00bb header_font_size=\u00bb55px\u00bb text_orientation=\u00bbcenter\u00bb global_colors_info=\u00bb{}\u00bb]<\/p>\n<h1><span style=\"color: #c32d45;\">Cont\u00e1ctanos<\/span><\/h1>\n<p>[\/et_pb_text][\/et_pb_column][\/et_pb_row][et_pb_row custom_padding_last_edited=\u00bbon|tablet\u00bb _builder_version=\u00bb4.23&#8243; _module_preset=\u00bbdefault\u00bb background_color=\u00bb#FFFFFF\u00bb custom_margin=\u00bb||30px||false|false\u00bb custom_padding=\u00bb5px|60px|5px|60px|true|true\u00bb custom_padding_tablet=\u00bb30px|30px|30px|30px|true|true\u00bb custom_padding_phone=\u00bb20px|20px|20px|20px|true|true\u00bb global_colors_info=\u00bb{}\u00bb][et_pb_column type=\u00bb4_4&#8243; _builder_version=\u00bb4.21.0&#8243; _module_preset=\u00bbdefault\u00bb global_colors_info=\u00bb{}\u00bb][et_pb_contact_form use_spam_service=\u00bbon\u00bb recaptcha_list=\u00bbWeb Finques Viser|Web Finques Viser-0&#8243; recaptcha_min_score=\u00bb0.1&#8243; email=\u00bboficina@finquesviser.com\u00bb custom_message=\u00bbFormulari p\u00e0gina Contacto:||et_pb_line_break_holder||||et_pb_line_break_holder||Nom: %%Name%%||et_pb_line_break_holder||Tel\u00e9fono: %%Tel\u00e9fono%%||et_pb_line_break_holder||Email: %%Email%%||et_pb_line_break_holder||Mensaje:||et_pb_line_break_holder||%%Message%%:\u00bb success_message=\u00bb\u00a1Gracias por contactarnos!\u00bb _builder_version=\u00bb4.25.1&#8243; _module_preset=\u00bb0e4d625a-5418-48e6-8ce0-7b9532d1c6e6&#8243; form_field_background_color=\u00bbrgba(255,255,255,0.85)\u00bb form_field_focus_background_color=\u00bb#FFFFFF\u00bb form_field_font=\u00bbFinques Viser Regular||||||||\u00bb form_field_text_align=\u00bbleft\u00bb form_field_font_size=\u00bb15px\u00bb background_enable_color=\u00bboff\u00bb button_bg_color=\u00bb#c32d45&#8243; button_font=\u00bbFinques Viser Regular|700||on|||||\u00bb button_custom_padding=\u00bb15px|24px|15px|24px|true|true\u00bb text_orientation=\u00bbleft\u00bb hover_enabled=\u00bb0&#8243; border_radii=\u00bbon|0px|0px|0px|0px\u00bb border_width_all=\u00bb0px\u00bb border_color_all=\u00bb#FFFFFF\u00bb border_width_bottom=\u00bb2px\u00bb border_color_bottom=\u00bb#c32d45&#8243; locked=\u00bboff\u00bb global_colors_info=\u00bb{}\u00bb sticky_enabled=\u00bb0&#8243;][et_pb_contact_field field_id=\u00bbName\u00bb field_title=\u00bbNombre\u00bb _builder_version=\u00bb4.23&#8243; _module_preset=\u00bbdefault\u00bb form_field_background_color=\u00bbRGBA(255,255,255,0)\u00bb global_colors_info=\u00bb{}\u00bb button_text_size__hover_enabled=\u00bboff\u00bb button_one_text_size__hover_enabled=\u00bboff\u00bb button_two_text_size__hover_enabled=\u00bboff\u00bb button_text_color__hover_enabled=\u00bboff\u00bb button_one_text_color__hover_enabled=\u00bboff\u00bb button_two_text_color__hover_enabled=\u00bboff\u00bb button_border_width__hover_enabled=\u00bboff\u00bb button_one_border_width__hover_enabled=\u00bboff\u00bb button_two_border_width__hover_enabled=\u00bboff\u00bb button_border_color__hover_enabled=\u00bboff\u00bb button_one_border_color__hover_enabled=\u00bboff\u00bb button_two_border_color__hover_enabled=\u00bboff\u00bb button_border_radius__hover_enabled=\u00bboff\u00bb button_one_border_radius__hover_enabled=\u00bboff\u00bb button_two_border_radius__hover_enabled=\u00bboff\u00bb button_letter_spacing__hover_enabled=\u00bboff\u00bb button_one_letter_spacing__hover_enabled=\u00bboff\u00bb button_two_letter_spacing__hover_enabled=\u00bboff\u00bb button_bg_color__hover_enabled=\u00bboff\u00bb button_one_bg_color__hover_enabled=\u00bboff\u00bb button_two_bg_color__hover_enabled=\u00bboff\u00bb][\/et_pb_contact_field][et_pb_contact_field field_id=\u00bbTel\u00e9fono\u00bb field_title=\u00bbTel\u00e9fono\u00bb min_length=\u00bb9&#8243; max_length=\u00bb15&#8243; required_mark=\u00bboff\u00bb fullwidth_field=\u00bbon\u00bb _builder_version=\u00bb4.23&#8243; _module_preset=\u00bbdefault\u00bb form_field_background_color=\u00bbRGBA(255,255,255,0)\u00bb global_colors_info=\u00bb{}\u00bb button_text_size__hover_enabled=\u00bboff\u00bb button_one_text_size__hover_enabled=\u00bboff\u00bb button_two_text_size__hover_enabled=\u00bboff\u00bb button_text_color__hover_enabled=\u00bboff\u00bb button_one_text_color__hover_enabled=\u00bboff\u00bb button_two_text_color__hover_enabled=\u00bboff\u00bb button_border_width__hover_enabled=\u00bboff\u00bb button_one_border_width__hover_enabled=\u00bboff\u00bb button_two_border_width__hover_enabled=\u00bboff\u00bb button_border_color__hover_enabled=\u00bboff\u00bb button_one_border_color__hover_enabled=\u00bboff\u00bb button_two_border_color__hover_enabled=\u00bboff\u00bb button_border_radius__hover_enabled=\u00bboff\u00bb button_one_border_radius__hover_enabled=\u00bboff\u00bb button_two_border_radius__hover_enabled=\u00bboff\u00bb button_letter_spacing__hover_enabled=\u00bboff\u00bb button_one_letter_spacing__hover_enabled=\u00bboff\u00bb button_two_letter_spacing__hover_enabled=\u00bboff\u00bb button_bg_color__hover_enabled=\u00bboff\u00bb button_one_bg_color__hover_enabled=\u00bboff\u00bb button_two_bg_color__hover_enabled=\u00bboff\u00bb][\/et_pb_contact_field][et_pb_contact_field field_id=\u00bbEmail\u00bb field_title=\u00bbCorreo electr\u00f3nico\u00bb field_type=\u00bbemail\u00bb _builder_version=\u00bb4.23&#8243; _module_preset=\u00bbdefault\u00bb form_field_background_color=\u00bbRGBA(255,255,255,0)\u00bb global_colors_info=\u00bb{}\u00bb button_text_size__hover_enabled=\u00bboff\u00bb button_one_text_size__hover_enabled=\u00bboff\u00bb button_two_text_size__hover_enabled=\u00bboff\u00bb button_text_color__hover_enabled=\u00bboff\u00bb button_one_text_color__hover_enabled=\u00bboff\u00bb button_two_text_color__hover_enabled=\u00bboff\u00bb button_border_width__hover_enabled=\u00bboff\u00bb button_one_border_width__hover_enabled=\u00bboff\u00bb button_two_border_width__hover_enabled=\u00bboff\u00bb button_border_color__hover_enabled=\u00bboff\u00bb button_one_border_color__hover_enabled=\u00bboff\u00bb button_two_border_color__hover_enabled=\u00bboff\u00bb button_border_radius__hover_enabled=\u00bboff\u00bb button_one_border_radius__hover_enabled=\u00bboff\u00bb button_two_border_radius__hover_enabled=\u00bboff\u00bb button_letter_spacing__hover_enabled=\u00bboff\u00bb button_one_letter_spacing__hover_enabled=\u00bboff\u00bb button_two_letter_spacing__hover_enabled=\u00bboff\u00bb button_bg_color__hover_enabled=\u00bboff\u00bb button_one_bg_color__hover_enabled=\u00bboff\u00bb button_two_bg_color__hover_enabled=\u00bboff\u00bb][\/et_pb_contact_field][et_pb_contact_field field_id=\u00bbMessage\u00bb field_title=\u00bbMensaje\u00bb field_type=\u00bbtext\u00bb fullwidth_field=\u00bbon\u00bb _builder_version=\u00bb4.23&#8243; _module_preset=\u00bbdefault\u00bb form_field_background_color=\u00bbRGBA(255,255,255,0)\u00bb form_field_line_height=\u00bb1.8em\u00bb global_colors_info=\u00bb{}\u00bb button_text_size__hover_enabled=\u00bboff\u00bb button_one_text_size__hover_enabled=\u00bboff\u00bb button_two_text_size__hover_enabled=\u00bboff\u00bb button_text_color__hover_enabled=\u00bboff\u00bb button_one_text_color__hover_enabled=\u00bboff\u00bb button_two_text_color__hover_enabled=\u00bboff\u00bb button_border_width__hover_enabled=\u00bboff\u00bb button_one_border_width__hover_enabled=\u00bboff\u00bb button_two_border_width__hover_enabled=\u00bboff\u00bb button_border_color__hover_enabled=\u00bboff\u00bb button_one_border_color__hover_enabled=\u00bboff\u00bb button_two_border_color__hover_enabled=\u00bboff\u00bb button_border_radius__hover_enabled=\u00bboff\u00bb button_one_border_radius__hover_enabled=\u00bboff\u00bb button_two_border_radius__hover_enabled=\u00bboff\u00bb button_letter_spacing__hover_enabled=\u00bboff\u00bb button_one_letter_spacing__hover_enabled=\u00bboff\u00bb button_two_letter_spacing__hover_enabled=\u00bboff\u00bb button_bg_color__hover_enabled=\u00bboff\u00bb button_one_bg_color__hover_enabled=\u00bboff\u00bb button_two_bg_color__hover_enabled=\u00bboff\u00bb][\/et_pb_contact_field][\/et_pb_contact_form][\/et_pb_column][\/et_pb_row][\/et_pb_section][et_pb_section fb_built=\u00bb1&#8243; fullwidth=\u00bbon\u00bb custom_padding_last_edited=\u00bbon|desktop\u00bb _builder_version=\u00bb4.24.3&#8243; _module_preset=\u00bbdefault\u00bb custom_margin_tablet=\u00bb\u00bb custom_margin_phone=\u00bb-30px||||false|false\u00bb custom_margin_last_edited=\u00bbon|phone\u00bb custom_padding_tablet=\u00bb\u00bb custom_padding_phone=\u00bb\u00bb global_colors_info=\u00bb{}\u00bb][et_pb_fullwidth_code _builder_version=\u00bb4.24.3&#8243; _module_preset=\u00bbdefault\u00bb custom_margin=\u00bb||-9px||false|false\u00bb global_colors_info=\u00bb{}\u00bb]<iframe src=\"https:\/\/www.google.com\/maps\/embed?pb=!1m18!1m12!1m3!1d2987.9046249585836!2d2.38794437507591!3d41.50634158860973!2m3!1f0!2f0!3f0!3m2!1i1024!2i768!4f13.1!3m3!1m2!1s0x12a4b4054da722f5%3A0x83780405a146a600!2sFincas%20Viser!5e0!3m2!1ses!2ses!4v1713435681601!5m2!1ses!2ses\" width=\"2560\" height=\"400\" style=\"border:0;\" allowfullscreen=\"\" loading=\"lazy\" referrerpolicy=\"no-referrer-when-downgrade\"><\/iframe>[\/et_pb_fullwidth_code][\/et_pb_section][et_pb_section fb_built=\u00bb1&#8243; custom_padding_last_edited=\u00bbon|phone\u00bb _builder_version=\u00bb4.24.3&#8243; _module_preset=\u00bbdefault\u00bb background_color=\u00bb#c32d45&#8243; custom_padding_tablet=\u00bb\u00bb custom_padding_phone=\u00bb22px||22px||true|false\u00bb global_colors_info=\u00bb{}\u00bb][et_pb_row column_structure=\u00bb1_2,1_2&#8243; custom_padding_last_edited=\u00bbon|tablet\u00bb _builder_version=\u00bb4.23&#8243; _module_preset=\u00bbdefault\u00bb custom_padding_tablet=\u00bb||0px||false|false\u00bb custom_padding_phone=\u00bb||0px||false|false\u00bb global_colors_info=\u00bb{}\u00bb][et_pb_column type=\u00bb1_2&#8243; _builder_version=\u00bb4.21.0&#8243; _module_preset=\u00bbdefault\u00bb global_colors_info=\u00bb{}\u00bb][et_pb_text _builder_version=\u00bb4.25.1&#8243; _module_preset=\u00bbd50cb93c-cdcd-443c-8f9b-f472b4137093&#8243; text_font=\u00bbFinques Viser Regular||||||||\u00bb text_text_color=\u00bb#FFFFFF\u00bb text_font_size=\u00bb16px\u00bb text_line_height=\u00bb0.7em\u00bb header_4_font=\u00bbFinques Viser Regular|600|||||||\u00bb header_4_text_color=\u00bb#FFFFFF\u00bb header_4_line_height=\u00bb1.7em\u00bb custom_margin=\u00bb||0px||false|false\u00bb global_colors_info=\u00bb{}\u00bb]<\/p>\n<h4 style=\"text-align: center;\">Oficinas Finques Viser<\/h4>\n<p style=\"text-align: center;\">c\/ Narc\u00eds Monturiol, 71<\/p>\n<p style=\"text-align: center;\">+ 34 93 759 35 16<\/p>\n<p style=\"text-align: center;\">oficina@finquesviser.com<\/p>\n<p style=\"text-align: center;\">Vilassar de Mar<\/p>\n<p>[\/et_pb_text][\/et_pb_column][et_pb_column type=\u00bb1_2&#8243; _builder_version=\u00bb4.21.0&#8243; _module_preset=\u00bbdefault\u00bb global_colors_info=\u00bb{}\u00bb][et_pb_image src=\u00bbhttps:\/\/finquesviser.com\/wp-content\/uploads\/2024\/04\/IMG_8060.png\u00bb title_text=\u00bbIMG_8060&#8243; _builder_version=\u00bb4.24.3&#8243; _module_preset=\u00bbdefault\u00bb border_radii=\u00bbon|10px|10px|10px|10px\u00bb global_colors_info=\u00bb{}\u00bb][\/et_pb_image][\/et_pb_column][\/et_pb_row][et_pb_row column_structure=\u00bb1_2,1_2&#8243; custom_padding_last_edited=\u00bbon|phone\u00bb _builder_version=\u00bb4.24.3&#8243; _module_preset=\u00bbdefault\u00bb custom_padding_tablet=\u00bb\u00bb custom_padding_phone=\u00bb22px||22px||true|false\u00bb global_colors_info=\u00bb{}\u00bb][et_pb_column type=\u00bb1_2&#8243; _builder_version=\u00bb4.21.0&#8243; _module_preset=\u00bbdefault\u00bb global_colors_info=\u00bb{}\u00bb][et_pb_text _builder_version=\u00bb4.24.3&#8243; _module_preset=\u00bbd50cb93c-cdcd-443c-8f9b-f472b4137093&#8243; text_font=\u00bbFinques Viser Regular||||||||\u00bb text_text_color=\u00bb#FFFFFF\u00bb text_font_size=\u00bb16px\u00bb text_line_height=\u00bb0.8em\u00bb header_4_font=\u00bbFinques Viser Regular|600|||||||\u00bb header_4_text_color=\u00bb#FFFFFF\u00bb header_4_line_height=\u00bb1.7em\u00bb custom_margin=\u00bb||0px||false|false\u00bb global_colors_info=\u00bb{}\u00bb]<\/p>\n<h4 style=\"text-align: center;\">Oficinas Inmobling Matar\u00f3<\/h4>\n<p style=\"text-align: center;\">c\/ Argentona, 34<\/p>\n<p style=\"text-align: center;\">t. <span style=\"color: #ffffff;\">93 796 46 43<\/span><\/p>\n<p style=\"text-align: center;\">Whatsapp: <span style=\"color: #ffffff;\">665 73 88 34<\/span><\/p>\n<p style=\"text-align: center;\">info@inmobling.com<\/p>\n<p style=\"text-align: center;\">Matar\u00f3<\/p>\n<p>[\/et_pb_text][\/et_pb_column][et_pb_column type=\u00bb1_2&#8243; _builder_version=\u00bb4.21.0&#8243; _module_preset=\u00bbdefault\u00bb global_colors_info=\u00bb{}\u00bb][et_pb_image src=\u00bbhttps:\/\/finquesviser.com\/wp-content\/uploads\/2023\/11\/IMG_0632-scaled.jpg\u00bb title_text=\u00bbIMG_0632&#8243; force_fullwidth=\u00bbon\u00bb _builder_version=\u00bb4.24.3&#8243; _module_preset=\u00bbdefault\u00bb border_radii=\u00bbon|10px|10px|10px|10px\u00bb global_colors_info=\u00bb{}\u00bb][\/et_pb_image][\/et_pb_column][\/et_pb_row][et_pb_row column_structure=\u00bb1_2,1_2&#8243; custom_padding_last_edited=\u00bbon|phone\u00bb _builder_version=\u00bb4.24.3&#8243; _module_preset=\u00bbdefault\u00bb custom_padding_tablet=\u00bb||0px||false|false\u00bb custom_padding_phone=\u00bb22px||0px||false|false\u00bb global_colors_info=\u00bb{}\u00bb][et_pb_column type=\u00bb1_2&#8243; _builder_version=\u00bb4.21.0&#8243; _module_preset=\u00bbdefault\u00bb global_colors_info=\u00bb{}\u00bb][et_pb_text _builder_version=\u00bb4.24.3&#8243; _module_preset=\u00bbd50cb93c-cdcd-443c-8f9b-f472b4137093&#8243; text_font=\u00bbFinques Viser Regular||||||||\u00bb text_text_color=\u00bb#FFFFFF\u00bb text_font_size=\u00bb16px\u00bb text_line_height=\u00bb0.7em\u00bb header_4_font=\u00bbFinques Viser Regular|600|||||||\u00bb header_4_text_color=\u00bb#FFFFFF\u00bb header_4_line_height=\u00bb1.7em\u00bb width_tablet=\u00bb\u00bb width_phone=\u00bb\u00bb width_last_edited=\u00bbon|phone\u00bb custom_margin=\u00bb||0px||false|false\u00bb global_colors_info=\u00bb{}\u00bb]<\/p>\n<h4 style=\"text-align: center;\">Oficinas Inmobling Argentona<\/h4>\n<p style=\"text-align: center;\">c\/ Doctor Sams\u00f3, 10<\/p>\n<p style=\"text-align: center;\">t. <span style=\"color: #ffffff;\">93 417 36 50<\/span><\/p>\n<p style=\"text-align: center;\">Whatsapp: <span style=\"color: #ffffff;\">665 73 88 34<\/span><\/p>\n<p style=\"text-align: center;\">argentona@inmobling.com<\/p>\n<p style=\"text-align: center;\">Argentona<\/p>\n<p>[\/et_pb_text][\/et_pb_column][et_pb_column type=\u00bb1_2&#8243; _builder_version=\u00bb4.21.0&#8243; _module_preset=\u00bbdefault\u00bb global_colors_info=\u00bb{}\u00bb][et_pb_image src=\u00bbhttps:\/\/finquesviser.com\/wp-content\/uploads\/2024\/06\/DSC_0082-scaled.jpg\u00bb title_text=\u00bbDSC_0082&#8243; _builder_version=\u00bb4.25.1&#8243; _module_preset=\u00bbdefault\u00bb border_radii=\u00bbon|12px|12px|12px|12px\u00bb global_colors_info=\u00bb{}\u00bb][\/et_pb_image][\/et_pb_column][\/et_pb_row][\/et_pb_section]<\/p>\n","protected":false},"excerpt":{"rendered":"<p>Cont\u00e1ctanosOficinas Finques Viser c\/ Narc\u00eds Monturiol, 71 + 34 93 759 35 16 oficina@finquesviser.com Vilassar de MarOficinas Inmobling Matar\u00f3 c\/ Argentona, 34 t. 93 796 46 43 Whatsapp: 665 73 88 34 info@inmobling.com Matar\u00f3Oficinas Inmobling Argentona c\/ Doctor Sams\u00f3, 10 t. 93 417 36 50 Whatsapp: 665 73 88 34 argentona@inmobling.com Argentona<\/p>","protected":false},"author":2,"featured_media":0,"parent":0,"menu_order":0,"comment_status":"closed","ping_status":"closed","template":"","meta":{"_et_pb_use_builder":"on","_et_pb_old_content":"","_et_gb_content_width":"","footnotes":""},"class_list":["post-46","page","type-page","status-publish","hentry"],"_links":{"self":[{"href":"https:\/\/finquesviser.com\/ca\/wp-json\/wp\/v2\/pages\/46","targetHints":{"allow":["GET"]}}],"collection":[{"href":"https:\/\/finquesviser.com\/ca\/wp-json\/wp\/v2\/pages"}],"about":[{"href":"https:\/\/finquesviser.com\/ca\/wp-json\/wp\/v2\/types\/page"}],"author":[{"embeddable":true,"href":"https:\/\/finquesviser.com\/ca\/wp-json\/wp\/v2\/users\/2"}],"replies":[{"embeddable":true,"href":"https:\/\/finquesviser.com\/ca\/wp-json\/wp\/v2\/comments?post=46"}],"version-history":[{"count":26,"href":"https:\/\/finquesviser.com\/ca\/wp-json\/wp\/v2\/pages\/46\/revisions"}],"predecessor-version":[{"id":512,"href":"https:\/\/finquesviser.com\/ca\/wp-json\/wp\/v2\/pages\/46\/revisions\/512"}],"wp:attachment":[{"href":"https:\/\/finquesviser.com\/ca\/wp-json\/wp\/v2\/media?parent=46"}],"curies":[{"name":"wp","href":"https:\/\/api.w.org\/{rel}","templated":true}]}}