{"id":62,"date":"2023-10-26T10:45:36","date_gmt":"2023-10-26T10:45:36","guid":{"rendered":"https:\/\/finquesviser.com\/?page_id=62"},"modified":"2023-11-21T16:53:23","modified_gmt":"2023-11-21T16:53:23","slug":"agencia-inmobiliaria","status":"publish","type":"page","link":"https:\/\/finquesviser.com\/ca\/agencia-inmobiliaria\/","title":{"rendered":"Agencia inmobiliaria"},"content":{"rendered":"<p>[et_pb_section fb_built=\u00bb1&#8243; admin_label=\u00bbHeader\u00bb _builder_version=\u00bb4.22.1&#8243; _module_preset=\u00bbdefault\u00bb use_background_color_gradient=\u00bbon\u00bb background_color_gradient_stops=\u00bbrgba(42,47,49,0.7) 0%|#000000 100%\u00bb background_color_gradient_overlays_image=\u00bbon\u00bb background_image=\u00bbhttps:\/\/finquesviser.com\/wp-content\/uploads\/2023\/10\/online-university-21.jpg\u00bb collapsed=\u00bbon\u00bb global_colors_info=\u00bb{}\u00bb][et_pb_row column_structure=\u00bb2_3,1_3&#8243; _builder_version=\u00bb4.19.2&#8243; _module_preset=\u00bbdefault\u00bb global_colors_info=\u00bb{}\u00bb][et_pb_column type=\u00bb2_3&#8243; _builder_version=\u00bb4.19.2&#8243; _module_preset=\u00bbdefault\u00bb global_colors_info=\u00bb{}\u00bb][et_pb_text _builder_version=\u00bb4.23&#8243; _module_preset=\u00bbf092b5ce-a604-440f-9787-28ef6838792a\u00bb header_text_color=\u00bb#FFFFFF\u00bb custom_margin=\u00bb||10px||false|false\u00bb hover_enabled=\u00bb0&#8243; global_colors_info=\u00bb{}\u00bb header_font=\u00bbFinques Viser Bold|700|||||||\u00bb sticky_enabled=\u00bb0&#8243;]<\/p>\n<h1>Compraventas<\/h1>\n<p>[\/et_pb_text][et_pb_text _builder_version=\u00bb4.23&#8243; _module_preset=\u00bb94d24885-37dd-407b-9780-bc5a25d33f09&#8243; text_text_color=\u00bb#FFFFFF\u00bb text_font_size=\u00bb18px\u00bb hover_enabled=\u00bb0&#8243; global_colors_info=\u00bb{}\u00bb text_font=\u00bbFinques Viser Regular||||||||\u00bb sticky_enabled=\u00bb0&#8243;]<\/p>\n<p class=\"p1\">Vender al mejor precio no es cuesti\u00f3n de suerte, nuestro plan de Marketing personalizado y nuestro trabajo previo a la puesta venta de la vivienda son imprescindibles para conseguir el mejor precio posible.<span class=\"Apple-converted-space\">\u00a0<\/span><\/p>\n<p>[\/et_pb_text][\/et_pb_column][et_pb_column type=\u00bb1_3&#8243; _builder_version=\u00bb4.19.2&#8243; _module_preset=\u00bbdefault\u00bb global_colors_info=\u00bb{}\u00bb][\/et_pb_column][\/et_pb_row][et_pb_row _builder_version=\u00bb4.23&#8243; _module_preset=\u00bbdefault\u00bb column_structure=\u00bb1_2,1_2&#8243;][et_pb_column _builder_version=\u00bb4.23&#8243; _module_preset=\u00bbdefault\u00bb type=\u00bb1_2&#8243;][et_pb_button button_text=\u00bbVENTA\u00bb _builder_version=\u00bb4.23&#8243; _module_preset=\u00bbcf6409db-d6cb-44f8-96c9-f191f8a39204&#8243; hover_enabled=\u00bb0&#8243; global_colors_info=\u00bb{}\u00bb sticky_enabled=\u00bb0&#8243; button_alignment=\u00bbcenter\u00bb custom_padding=\u00bb16px|55px|16px|55px|true|true\u00bb][\/et_pb_button][\/et_pb_column][et_pb_column _builder_version=\u00bb4.23&#8243; _module_preset=\u00bbdefault\u00bb type=\u00bb1_2&#8243;][et_pb_button button_text=\u00bbVALORACI\u00d3N VIVIENDA\u00bb _builder_version=\u00bb4.23&#8243; _module_preset=\u00bbcf6409db-d6cb-44f8-96c9-f191f8a39204&#8243; hover_enabled=\u00bb0&#8243; global_colors_info=\u00bb{}\u00bb sticky_enabled=\u00bb0&#8243; button_alignment=\u00bbcenter\u00bb][\/et_pb_button][\/et_pb_column][\/et_pb_row][\/et_pb_section][et_pb_section fb_built=\u00bb1&#8243; admin_label=\u00bbApply\u00bb _builder_version=\u00bb4.19.2&#8243; _module_preset=\u00bbdefault\u00bb collapsed=\u00bbon\u00bb global_colors_info=\u00bb{}\u00bb custom_padding=\u00bb||1px|||\u00bb][et_pb_row _builder_version=\u00bb4.23&#8243; _module_preset=\u00bbdefault\u00bb global_colors_info=\u00bb{}\u00bb column_structure=\u00bb1_2,1_2&#8243;][et_pb_column type=\u00bb1_2&#8243; _builder_version=\u00bb4.23&#8243; _module_preset=\u00bbdefault\u00bb global_colors_info=\u00bb{}\u00bb][et_pb_text _builder_version=\u00bb4.23&#8243; _module_preset=\u00bb54c23dbb-5c88-492f-9866-78f602a35f76&#8243; text_orientation=\u00bbcenter\u00bb hover_enabled=\u00bb0&#8243; text_orientation_tablet=\u00bbleft\u00bb text_orientation_phone=\u00bbleft\u00bb text_orientation_last_edited=\u00bbon|tablet\u00bb global_colors_info=\u00bb{}\u00bb sticky_enabled=\u00bb0&#8243; header_2_font=\u00bbFinques Viser Bold|600|||||||\u00bb]<\/p>\n<h2 style=\"text-align: left;\">\u00bfC\u00f3mo lo hacemos?<\/h2>\n<p>[\/et_pb_text][et_pb_text _builder_version=\u00bb4.23&#8243; _module_preset=\u00bbdefault\u00bb hover_enabled=\u00bb0&#8243; sticky_enabled=\u00bb0&#8243; text_font=\u00bbFinques Viser Regular||||||||\u00bb text_font_size=\u00bb16px\u00bb text_orientation=\u00bbjustified\u00bb]<\/p>\n<p class=\"p1\">Tenemos un gran equipo comercial y de captaci\u00f3n que estudia cada caso de forma individual, conociendo las necesidades del propietario para poder asesorarle en todo momento y trazar un plan de marketing personalizado.<span class=\"Apple-converted-space\">\u00a0<\/span><\/p>\n<p>[\/et_pb_text][\/et_pb_column][et_pb_column type=\u00bb1_2&#8243; _builder_version=\u00bb4.23&#8243; _module_preset=\u00bbdefault\u00bb global_colors_info=\u00bb{}\u00bb][et_pb_image src=\u00bbhttps:\/\/finquesviser.com\/wp-content\/uploads\/2023\/10\/online-university-24.jpg\u00bb title_text=\u00bbonline-university-24&#8243; _builder_version=\u00bb4.21.0&#8243; _module_preset=\u00bbdefault\u00bb border_radii=\u00bbon|30px|30px|30px|30px\u00bb global_colors_info=\u00bb{}\u00bb][\/et_pb_image][\/et_pb_column][\/et_pb_row][\/et_pb_section][et_pb_section fb_built=\u00bb1&#8243; admin_label=\u00bbFeatures\u00bb _builder_version=\u00bb4.19.2&#8243; _module_preset=\u00bbdefault\u00bb collapsed=\u00bbon\u00bb global_colors_info=\u00bb{}\u00bb][et_pb_row column_structure=\u00bb1_2,1_2&#8243; _builder_version=\u00bb4.19.2&#8243; _module_preset=\u00bbdefault\u00bb global_colors_info=\u00bb{}\u00bb][et_pb_column _builder_version=\u00bb4.23&#8243; _module_preset=\u00bbdefault\u00bb type=\u00bb1_2&#8243;][et_pb_image src=\u00bbhttps:\/\/finquesviser.com\/wp-content\/uploads\/2023\/10\/online-university-24.jpg\u00bb title_text=\u00bbonline-university-24&#8243; _builder_version=\u00bb4.21.0&#8243; _module_preset=\u00bbdefault\u00bb border_radii=\u00bbon|30px|30px|30px|30px\u00bb global_colors_info=\u00bb{}\u00bb][\/et_pb_image][\/et_pb_column][et_pb_column type=\u00bb1_2&#8243; _builder_version=\u00bb4.19.2&#8243; _module_preset=\u00bbdefault\u00bb custom_padding=\u00bb30px||30px||true|false\u00bb custom_padding_tablet=\u00bb0px||0px||true|false\u00bb custom_padding_phone=\u00bb0px||0px||true|false\u00bb custom_padding_last_edited=\u00bbon|desktop\u00bb global_colors_info=\u00bb{}\u00bb][et_pb_text _builder_version=\u00bb4.23&#8243; _module_preset=\u00bb54c23dbb-5c88-492f-9866-78f602a35f76&#8243; custom_margin=\u00bb||10px||false|false\u00bb hover_enabled=\u00bb0&#8243; global_colors_info=\u00bb{}\u00bb sticky_enabled=\u00bb0&#8243; header_2_font=\u00bbFinques Viser Bold|600|||||||\u00bb custom_padding=\u00bb49px|||||\u00bb]<\/p>\n<h2>\u00bfQu\u00e9 aspectos son importantes antes de salir al mercado?<\/h2>\n<p>[\/et_pb_text][\/et_pb_column][\/et_pb_row][et_pb_row _builder_version=\u00bb4.23&#8243; _module_preset=\u00bbdefault\u00bb column_structure=\u00bb1_3,1_3,1_3&#8243;][et_pb_column _builder_version=\u00bb4.23&#8243; _module_preset=\u00bbdefault\u00bb type=\u00bb1_3&#8243;][et_pb_text _builder_version=\u00bb4.23&#8243; _module_preset=\u00bb94d24885-37dd-407b-9780-bc5a25d33f09&#8243; hover_enabled=\u00bb0&#8243; global_colors_info=\u00bb{}\u00bb sticky_enabled=\u00bb0&#8243; text_font=\u00bbFinques Viser Regular||||||||\u00bb text_orientation=\u00bbjustified\u00bb]<\/p>\n<p>Realizar una buena valoraci\u00f3n, y aunque creas que la m\u00e1s alta es la mejor por experiencia te decimos que en muchos casos no es as\u00ed. Es importante valorar todos los aspectos, la vivienda, a\u00f1o de construcci\u00f3n, actualizaciones, estado actual, orientaci\u00f3n, metros cuadrados, terrazas, balc\u00f3n, jard\u00edn, piscina piscina comunitaria, ascensor, garaje, trastero, n\u00famero de habitaciones, ba\u00f1os, climatizaci\u00f3n, eficiencia energ\u00e9tica\u2026 TODO TIENE UN VALOR.<span class=\"Apple-converted-space\">\u00a0<\/span><\/p>\n<p>[\/et_pb_text][\/et_pb_column][et_pb_column _builder_version=\u00bb4.23&#8243; _module_preset=\u00bbdefault\u00bb type=\u00bb1_3&#8243;][et_pb_text _builder_version=\u00bb4.23&#8243; _module_preset=\u00bbdefault\u00bb text_font=\u00bbFinques Viser Regular||||||||\u00bb text_font_size=\u00bb16px\u00bb text_line_height=\u00bb1.9em\u00bb hover_enabled=\u00bb0&#8243; sticky_enabled=\u00bb0&#8243; text_orientation=\u00bbjustified\u00bb]<\/p>\n<p>Preparar la vivienda para la venta. UNA IMAGEN VALE M\u00c1S QUE MIL PALABRAS. No dudes que cualquier inmueble que se ponga a la venta, antes tiene que tener un m\u00ednimo de preparaci\u00f3n. Iluminaci\u00f3n, enseres personales, la persiana que no funciona, todo tiene que estar lo mejor posible dentro de cada caso.<span class=\"Apple-converted-space\">\u00a0<\/span><\/p>\n<p>[\/et_pb_text][\/et_pb_column][et_pb_column _builder_version=\u00bb4.23&#8243; _module_preset=\u00bbdefault\u00bb type=\u00bb1_3&#8243;][et_pb_text _builder_version=\u00bb4.23&#8243; _module_preset=\u00bbdefault\u00bb text_font=\u00bbFinques Viser Regular||||||||\u00bb text_font_size=\u00bb16px\u00bb text_line_height=\u00bb1.9em\u00bb hover_enabled=\u00bb0&#8243; sticky_enabled=\u00bb0&#8243; text_orientation=\u00bbjustified\u00bb]<\/p>\n<p>Marcar un plan de marketing, no hay que hacer todas las acciones al mismo tiempo. Publicidad en web, publicidad en portales inmobiliarios especializados, redes sociales, anuncios en escaparate, buzoneos, anuncios en prensa escrita\u2026 Cada inmueble tiene una forma de venderse.<span class=\"Apple-converted-space\">\u00a0<\/span><\/p>\n<p>[\/et_pb_text][\/et_pb_column][\/et_pb_row][\/et_pb_section][et_pb_section fb_built=\u00bb1&#8243; admin_label=\u00bbCall to Action\u00bb _builder_version=\u00bb4.19.2&#8243; _module_preset=\u00bbdefault\u00bb background_color=\u00bbgcid-a9d8e14e-2f78-408a-a83c-506939196b52&#8243; custom_padding=\u00bb||0px||false|false\u00bb saved_tabs=\u00bball\u00bb collapsed=\u00bbon\u00bb global_colors_info=\u00bb{%22gcid-a9d8e14e-2f78-408a-a83c-506939196b52%22:%91%22background_color%22%93}\u00bb][et_pb_row column_structure=\u00bb1_3,2_3&#8243; _builder_version=\u00bb4.19.2&#8243; _module_preset=\u00bbdefault\u00bb saved_tabs=\u00bball\u00bb global_colors_info=\u00bb{}\u00bb][et_pb_column type=\u00bb1_3&#8243; _builder_version=\u00bb4.19.1&#8243; _module_preset=\u00bbdefault\u00bb global_colors_info=\u00bb{}\u00bb][\/et_pb_column][et_pb_column type=\u00bb2_3&#8243; _builder_version=\u00bb4.19.2&#8243; _module_preset=\u00bbdefault\u00bb custom_padding=\u00bb30px||30px||true|false\u00bb custom_padding_tablet=\u00bb0px||0px||true|false\u00bb custom_padding_phone=\u00bb0px||0px||true|false\u00bb custom_padding_last_edited=\u00bbon|tablet\u00bb global_colors_info=\u00bb{}\u00bb][et_pb_text _builder_version=\u00bb4.19.2&#8243; _module_preset=\u00bb54c23dbb-5c88-492f-9866-78f602a35f76&#8243; header_2_text_color=\u00bb#FFFFFF\u00bb global_colors_info=\u00bb{}\u00bb]<\/p>\n<h2>M\u00e1s de 200 comunidades gestionadas en 45 a\u00f1os para la tranquilidad de sus vecinos.<\/h2>\n<p>[\/et_pb_text][et_pb_button button_text=\u00bbcontacto\u00bb _builder_version=\u00bb4.23&#8243; _module_preset=\u00bbcf6409db-d6cb-44f8-96c9-f191f8a39204&#8243; locked=\u00bboff\u00bb global_colors_info=\u00bb{}\u00bb][\/et_pb_button][\/et_pb_column][\/et_pb_row][\/et_pb_section]<\/p>\n","protected":false},"excerpt":{"rendered":"<p>CompraventasVender al mejor precio no es cuesti\u00f3n de suerte, nuestro plan de Marketing personalizado y nuestro trabajo previo a la puesta venta de la vivienda son imprescindibles para conseguir el mejor precio posible.\u00a0\u00bfC\u00f3mo lo hacemos?Tenemos un gran equipo comercial y de captaci\u00f3n que estudia cada caso de forma individual, conociendo las necesidades del propietario para [&hellip;]<\/p>\n","protected":false},"author":2,"featured_media":0,"parent":0,"menu_order":0,"comment_status":"closed","ping_status":"closed","template":"","meta":{"_et_pb_use_builder":"on","_et_pb_old_content":"<!-- wp:divi\/placeholder \/-->","_et_gb_content_width":"","footnotes":""},"class_list":["post-62","page","type-page","status-publish","hentry"],"_links":{"self":[{"href":"https:\/\/finquesviser.com\/ca\/wp-json\/wp\/v2\/pages\/62","targetHints":{"allow":["GET"]}}],"collection":[{"href":"https:\/\/finquesviser.com\/ca\/wp-json\/wp\/v2\/pages"}],"about":[{"href":"https:\/\/finquesviser.com\/ca\/wp-json\/wp\/v2\/types\/page"}],"author":[{"embeddable":true,"href":"https:\/\/finquesviser.com\/ca\/wp-json\/wp\/v2\/users\/2"}],"replies":[{"embeddable":true,"href":"https:\/\/finquesviser.com\/ca\/wp-json\/wp\/v2\/comments?post=62"}],"version-history":[{"count":10,"href":"https:\/\/finquesviser.com\/ca\/wp-json\/wp\/v2\/pages\/62\/revisions"}],"predecessor-version":[{"id":229,"href":"https:\/\/finquesviser.com\/ca\/wp-json\/wp\/v2\/pages\/62\/revisions\/229"}],"wp:attachment":[{"href":"https:\/\/finquesviser.com\/ca\/wp-json\/wp\/v2\/media?parent=62"}],"curies":[{"name":"wp","href":"https:\/\/api.w.org\/{rel}","templated":true}]}}